{"id":1657,"date":"2018-10-01T18:51:08","date_gmt":"2018-10-01T17:51:08","guid":{"rendered":"http:\/\/para.llel.us\/themes\/vellum-wp\/?page_id=1657"},"modified":"2019-02-19T19:21:22","modified_gmt":"2019-02-19T19:21:22","slug":"noticias","status":"publish","type":"page","link":"https:\/\/unwam.ulpgc.es\/fr\/noticias\/","title":{"rendered":"Actualit\u00e9s"},"content":{"rendered":"<p>[vc_row][vc_column el_class=\u00a0\u00bbnews\u00a0\u00bb]\n\t\n\t<div class=\"row-fluid portfolio-columns-3 posts-grid \" style=\"clear: both;\">\n\n\t\t\t\t\t<div class=\"portfolio-wrapper isotope no-transition\">\n\t\t\t\n\t\t\t\n\t\t\t\t<article id=\"post-8257\" class=\"portfolio-item isotope-item  post-8257 post type-post status-publish format-standard has-post-thumbnail hentry category-news\" style=\"\" data-style='{\"layout\": \"fitRows\"}'>\n\n\t\t\t\t\t\t\t\t\t\t<header class=\"post-header\">\n\t\t\t\t\t\t\t\t\t\t\t\t\t<div class=\"featured-image\">\n\t\t\t\t\t\t\t\t<a href=\"https:\/\/unwam.ulpgc.es\/fr\/la-red-de-universidades-del-noroeste-de-africa-y-la-macaronesia-celebra-un-congreso-virtual\/\" class=\"styled-image \" title=\"Permalink to Le r\u00e9seau universitaire d&rsquo;Afrique du Nord-Ouest et de la Macaron\u00e9sie organise une conf\u00e9rence virtuelle\" rel=\"bookmark\" data-lightbox=\"group-375\"><img loading=\"lazy\" decoding=\"async\" src=\"https:\/\/unwam.ulpgc.es\/wp-content\/uploads\/2019\/11\/cache\/paginas_desdeprograma_unwam_copia-630x450.jpg\" width=\"630\" height=\"450\" alt=\"Le r\u00e9seau universitaire d&rsquo;Afrique du Nord-Ouest et de la Macaron\u00e9sie organise une conf\u00e9rence virtuelle\"><div class=\"inner-overlay\"><\/div><\/a>\n\t\t\t\t\t\t\t<\/div>\n\t\t\t\t\t\t\t\n\t\t\t\t\t<\/header>\n\n\t\t\t\t\t<h2 class=\"entry-title\">\t<a href=\"https:\/\/unwam.ulpgc.es\/fr\/la-red-de-universidades-del-noroeste-de-africa-y-la-macaronesia-celebra-un-congreso-virtual\/\" title=\"Permalink to Le r\u00e9seau universitaire d&rsquo;Afrique du Nord-Ouest et de la Macaron\u00e9sie organise une conf\u00e9rence virtuelle\" rel=\"bookmark\">Le r\u00e9seau universitaire d&rsquo;Afrique du Nord-Ouest et de la Macaron\u00e9sie organise une conf\u00e9rence virtuelle<\/a><\/h2>\t\t\t\t\t<div class=\"entry-summary\">\n\t\t\t\t\t\t\n\t\t\t<div class=\"entry-content summary\">\n\t\t\t\t\t\t\t\t\t<p>Le r\u00e9seau UNWAM c\u00e9l\u00e8bre un Congr\u00e8s virtuel 2020 de mani\u00e8re t\u00e9l\u00e9matique avec le titre \u00ab\u00a0UNWAM : pr\u00e9sent et futur \u00e0 l&rsquo;\u00e9poque de COVID-19\u00a0\u00bb. Le congr\u00e8s est organis\u00e9 par l&rsquo;Universit\u00e9 de...<\/p>\n\t\t\t\t\t\t\t\t<\/div><!-- .entry-summary -->\n\t\t\t\t\t\t<footer class=\"entry-footer entry-meta\">\n\t\t\t\t\t\t\t\t\t<p class=\"readmore\"><a href=\"https:\/\/unwam.ulpgc.es\/fr\/la-red-de-universidades-del-noroeste-de-africa-y-la-macaronesia-celebra-un-congreso-virtual\/\" class=\"btn small\">Lire la suite<\/a><\/p>\n\t\t\t\t\t<div class=\"post-meta clearfix\"><div class=\"post-symbol\"><span class=\"entypo entypo-doc-text\"><\/span><\/div><span class=\"post-format-label\">General<span class=\"meta-sep\">&nbsp;<\/span><\/span><span class=\"author vcard author-meta\"><span class=\"meta-label\">By <\/span> &nbsp;<a class=\"url fn n\" href=\"https:\/\/unwam.ulpgc.es\/fr\/author\/celr_admin\/\" title=\"View all posts by celr_admin\" rel=\"author\">celr_admin<\/a><span class=\"meta-sep\">&nbsp;<\/span><\/span><\/div>\t\t\t<\/footer><!-- .entry-meta -->\n\t\t\t\t\t\t\t\t<\/div><!-- .entry-summary -->\n\n\t\t\t\t<\/article><!-- #post -->\n\n\t\t\t\t\n\t\t\t\t<article id=\"post-8236\" class=\"portfolio-item isotope-item  post-8236 post type-post status-publish format-standard has-post-thumbnail hentry category-news\" style=\"\" data-style='{\"layout\": \"fitRows\"}'>\n\n\t\t\t\t\t\t\t\t\t\t<header class=\"post-header\">\n\t\t\t\t\t\t\t\t\t\t\t\t\t<div class=\"featured-image\">\n\t\t\t\t\t\t\t\t<a href=\"https:\/\/unwam.ulpgc.es\/fr\/la-ulpgc-acude-a-mauritania-a-la-iii-reunion-de-la-red-unwam-la-red-de-universidades-del-noroeste-de-africa-y-la-macaronesia\/\" class=\"styled-image \" title=\"Permalink to L&rsquo;ULPGC se rend en Mauritanie \u00e0 la III\u00e8me r\u00e9union du R\u00e9seau UNWAM, du R\u00e9seau des Universit\u00e9s d&rsquo;Afrique du Nord-Ouest et de Macaron\u00e9sie.\" rel=\"bookmark\" data-lightbox=\"group-375\"><img loading=\"lazy\" decoding=\"async\" src=\"https:\/\/unwam.ulpgc.es\/wp-content\/uploads\/2019\/11\/cache\/paginas_desdeprograma_unwam_copia-630x450.jpg\" width=\"630\" height=\"450\" alt=\"L&rsquo;ULPGC se rend en Mauritanie \u00e0 la III\u00e8me r\u00e9union du R\u00e9seau UNWAM, du R\u00e9seau des Universit\u00e9s d&rsquo;Afrique du Nord-Ouest et de Macaron\u00e9sie.\"><div class=\"inner-overlay\"><\/div><\/a>\n\t\t\t\t\t\t\t<\/div>\n\t\t\t\t\t\t\t\n\t\t\t\t\t<\/header>\n\n\t\t\t\t\t<h2 class=\"entry-title\">\t<a href=\"https:\/\/unwam.ulpgc.es\/fr\/la-ulpgc-acude-a-mauritania-a-la-iii-reunion-de-la-red-unwam-la-red-de-universidades-del-noroeste-de-africa-y-la-macaronesia\/\" title=\"Permalink to L&rsquo;ULPGC se rend en Mauritanie \u00e0 la III\u00e8me r\u00e9union du R\u00e9seau UNWAM, du R\u00e9seau des Universit\u00e9s d&rsquo;Afrique du Nord-Ouest et de Macaron\u00e9sie.\" rel=\"bookmark\">L&rsquo;ULPGC se rend en Mauritanie \u00e0 la III\u00e8me r\u00e9union du R\u00e9seau UNWAM, du R\u00e9seau des Universit\u00e9s d&rsquo;Afrique du Nord-Ouest et de Macaron\u00e9sie.<\/a><\/h2>\t\t\t\t\t<div class=\"entry-summary\">\n\t\t\t\t\t\t\n\t\t\t<div class=\"entry-content summary\">\n\t\t\t\t\t\t\t\t\t<p>Une d\u00e9l\u00e9gation de l&rsquo;Universit\u00e9 de Las Palmas de Gran Canaria, conduite par le Recteur Rafael Robaina et le Vice-Recteur pour l&rsquo;Internationalisation et la Coop\u00e9ration, Richard Clouet, se rend \u00e0 Nouakchott...<\/p>\n\t\t\t\t\t\t\t\t<\/div><!-- .entry-summary -->\n\t\t\t\t\t\t<footer class=\"entry-footer entry-meta\">\n\t\t\t\t\t\t\t\t\t<p class=\"readmore\"><a href=\"https:\/\/unwam.ulpgc.es\/fr\/la-ulpgc-acude-a-mauritania-a-la-iii-reunion-de-la-red-unwam-la-red-de-universidades-del-noroeste-de-africa-y-la-macaronesia\/\" class=\"btn small\">Lire la suite<\/a><\/p>\n\t\t\t\t\t<div class=\"post-meta clearfix\"><div class=\"post-symbol\"><span class=\"entypo entypo-doc-text\"><\/span><\/div><span class=\"post-format-label\">General<span class=\"meta-sep\">&nbsp;<\/span><\/span><span class=\"author vcard author-meta\"><span class=\"meta-label\">By <\/span> &nbsp;<a class=\"url fn n\" href=\"https:\/\/unwam.ulpgc.es\/fr\/author\/celr_admin\/\" title=\"View all posts by celr_admin\" rel=\"author\">celr_admin<\/a><span class=\"meta-sep\">&nbsp;<\/span><\/span><\/div>\t\t\t<\/footer><!-- .entry-meta -->\n\t\t\t\t\t\t\t\t<\/div><!-- .entry-summary -->\n\n\t\t\t\t<\/article><!-- #post -->\n\n\t\t\t\t\n\t\t\t\t<article id=\"post-8172\" class=\"portfolio-item isotope-item  post-8172 post type-post status-publish format-standard has-post-thumbnail hentry category-news\" style=\"\" data-style='{\"layout\": \"fitRows\"}'>\n\n\t\t\t\t\t\t\t\t\t\t<header class=\"post-header\">\n\t\t\t\t\t\t\t\t\t\t\t\t\t<div class=\"featured-image\">\n\t\t\t\t\t\t\t\t<a href=\"https:\/\/unwam.ulpgc.es\/fr\/una-delegacion-de-la-ulpgc-encabezada-por-el-rector-participa-en-la-ii-reunion-de-la-red-unwam\/\" class=\"styled-image \" title=\"Permalink to Une d\u00e9l\u00e9gation de l\u2019ULPGC pr\u00e9sid\u00e9e par le recteur participe \u00e0 la deuxi\u00e8me r\u00e9union du r\u00e9seau UNWAM\" rel=\"bookmark\" data-lightbox=\"group-375\"><img loading=\"lazy\" decoding=\"async\" src=\"https:\/\/unwam.ulpgc.es\/wp-content\/uploads\/2019\/02\/anwam.jpg\" width=\"600\" height=\"400\" alt=\"Une d\u00e9l\u00e9gation de l\u2019ULPGC pr\u00e9sid\u00e9e par le recteur participe \u00e0 la deuxi\u00e8me r\u00e9union du r\u00e9seau UNWAM\"><div class=\"inner-overlay\"><\/div><\/a>\n\t\t\t\t\t\t\t<\/div>\n\t\t\t\t\t\t\t\n\t\t\t\t\t<\/header>\n\n\t\t\t\t\t<h2 class=\"entry-title\">\t<a href=\"https:\/\/unwam.ulpgc.es\/fr\/una-delegacion-de-la-ulpgc-encabezada-por-el-rector-participa-en-la-ii-reunion-de-la-red-unwam\/\" title=\"Permalink to Une d\u00e9l\u00e9gation de l\u2019ULPGC pr\u00e9sid\u00e9e par le recteur participe \u00e0 la deuxi\u00e8me r\u00e9union du r\u00e9seau UNWAM\" rel=\"bookmark\">Une d\u00e9l\u00e9gation de l\u2019ULPGC pr\u00e9sid\u00e9e par le recteur participe \u00e0 la deuxi\u00e8me r\u00e9union du r\u00e9seau UNWAM<\/a><\/h2>\t\t\t\t\t<div class=\"entry-summary\">\n\t\t\t\t\t\t\n\t\t\t<div class=\"entry-content summary\">\n\t\t\t\t\t\t\t\t\t<p>Les membres du r\u00e9seau des universit\u00e9s d\u2019Afrique du Nord-Ouest et de Macaron\u00e9sie participeront \u00e0 la r\u00e9union UNWAM. Les mardi 30 et mercredi 31 octobre aura lieu \u00e0 Agadir (Maroc) la...<\/p>\n\t\t\t\t\t\t\t\t<\/div><!-- .entry-summary -->\n\t\t\t\t\t\t<footer class=\"entry-footer entry-meta\">\n\t\t\t\t\t\t\t\t\t<p class=\"readmore\"><a href=\"https:\/\/unwam.ulpgc.es\/fr\/una-delegacion-de-la-ulpgc-encabezada-por-el-rector-participa-en-la-ii-reunion-de-la-red-unwam\/\" class=\"btn small\">Lire la suite<\/a><\/p>\n\t\t\t\t\t<div class=\"post-meta clearfix\"><div class=\"post-symbol\"><span class=\"entypo entypo-doc-text\"><\/span><\/div><span class=\"post-format-label\">General<span class=\"meta-sep\">&nbsp;<\/span><\/span><span class=\"author vcard author-meta\"><span class=\"meta-label\">By <\/span> &nbsp;<a class=\"url fn n\" href=\"https:\/\/unwam.ulpgc.es\/fr\/author\/celr_admin\/\" title=\"View all posts by celr_admin\" rel=\"author\">celr_admin<\/a><span class=\"meta-sep\">&nbsp;<\/span><\/span><\/div>\t\t\t<\/footer><!-- .entry-meta -->\n\t\t\t\t\t\t\t\t<\/div><!-- .entry-summary -->\n\n\t\t\t\t<\/article><!-- #post -->\n\n\t\t\t\t\n\t\t\t\t<article id=\"post-7856\" class=\"portfolio-item isotope-item  post-7856 post type-post status-publish format-standard has-post-thumbnail hentry category-news\" style=\"\" data-style='{\"layout\": \"fitRows\"}'>\n\n\t\t\t\t\t\t\t\t\t\t<header class=\"post-header\">\n\t\t\t\t\t\t\t\t\t\t\t\t\t<div class=\"featured-image\">\n\t\t\t\t\t\t\t\t<a href=\"https:\/\/unwam.ulpgc.es\/fr\/las-universidades-del-noroeste-de-africa-y-la-macaronesia-se-reunen-para-constituir-una-red\/\" class=\"styled-image \" title=\"Permalink to Les universit\u00e9s du Nord-ouest de l\u2019Afrique et de la Macaron\u00e9sie s\u2019unissent pour former un r\u00e9seau.\" rel=\"bookmark\" data-lightbox=\"group-375\"><img loading=\"lazy\" decoding=\"async\" src=\"https:\/\/unwam.ulpgc.es\/wp-content\/uploads\/2018\/10\/web_rectores_3.jpg\" width=\"600\" height=\"400\" alt=\"Les universit\u00e9s du Nord-ouest de l\u2019Afrique et de la Macaron\u00e9sie s\u2019unissent pour former un r\u00e9seau.\"><div class=\"inner-overlay\"><\/div><\/a>\n\t\t\t\t\t\t\t<\/div>\n\t\t\t\t\t\t\t\n\t\t\t\t\t<\/header>\n\n\t\t\t\t\t<h2 class=\"entry-title\">\t<a href=\"https:\/\/unwam.ulpgc.es\/fr\/las-universidades-del-noroeste-de-africa-y-la-macaronesia-se-reunen-para-constituir-una-red\/\" title=\"Permalink to Les universit\u00e9s du Nord-ouest de l\u2019Afrique et de la Macaron\u00e9sie s\u2019unissent pour former un r\u00e9seau.\" rel=\"bookmark\">Les universit\u00e9s du Nord-ouest de l\u2019Afrique et de la Macaron\u00e9sie s\u2019unissent pour former un r\u00e9seau.<\/a><\/h2>\t\t\t\t\t<div class=\"entry-summary\">\n\t\t\t\t\t\t\n\t\t\t<div class=\"entry-content summary\">\n\t\t\t\t\t\t\t\t\t<p>La r\u00e9union des universit\u00e9s du Nord-est de l\u2019Afrique et de la Macaron\u00e9sie aura lieu le lundi 18\u00a0d\u00e9cembre, \u00e0 partir de 11\u00a0heures dans la salle de conf\u00e9rences de l\u2019universit\u00e9 de Las...<\/p>\n\t\t\t\t\t\t\t\t<\/div><!-- .entry-summary -->\n\t\t\t\t\t\t<footer class=\"entry-footer entry-meta\">\n\t\t\t\t\t\t\t\t\t<p class=\"readmore\"><a href=\"https:\/\/unwam.ulpgc.es\/fr\/las-universidades-del-noroeste-de-africa-y-la-macaronesia-se-reunen-para-constituir-una-red\/\" class=\"btn small\">Lire la suite<\/a><\/p>\n\t\t\t\t\t<div class=\"post-meta clearfix\"><div class=\"post-symbol\"><span class=\"entypo entypo-doc-text\"><\/span><\/div><span class=\"post-format-label\">General<span class=\"meta-sep\">&nbsp;<\/span><\/span><span class=\"author vcard author-meta\"><span class=\"meta-label\">By <\/span> &nbsp;<a class=\"url fn n\" href=\"https:\/\/unwam.ulpgc.es\/fr\/author\/celr_admin\/\" title=\"View all posts by celr_admin\" rel=\"author\">celr_admin<\/a><span class=\"meta-sep\">&nbsp;<\/span><\/span><\/div>\t\t\t<\/footer><!-- .entry-meta -->\n\t\t\t\t\t\t\t\t<\/div><!-- .entry-summary -->\n\n\t\t\t\t<\/article><!-- #post -->\n\n\t\t\t\t<\/div><!-- .portfolio-wrapper .isotope -->\n\t<\/div><!-- .row-fluid -->\n\n\t[\/vc_column][\/vc_row]<\/p>","protected":false},"excerpt":{"rendered":"<p>[vc_row][vc_column el_class=\u00a0\u00bbnews\u00a0\u00bb][\/vc_column][\/vc_row]<\/p>\n","protected":false},"author":1,"featured_media":0,"parent":0,"menu_order":11,"comment_status":"closed","ping_status":"closed","template":"","meta":{"footnotes":""},"class_list":["post-1657","page","type-page","status-publish","hentry"],"_links":{"self":[{"href":"https:\/\/unwam.ulpgc.es\/fr\/wp-json\/wp\/v2\/pages\/1657","targetHints":{"allow":["GET"]}}],"collection":[{"href":"https:\/\/unwam.ulpgc.es\/fr\/wp-json\/wp\/v2\/pages"}],"about":[{"href":"https:\/\/unwam.ulpgc.es\/fr\/wp-json\/wp\/v2\/types\/page"}],"author":[{"embeddable":true,"href":"https:\/\/unwam.ulpgc.es\/fr\/wp-json\/wp\/v2\/users\/1"}],"replies":[{"embeddable":true,"href":"https:\/\/unwam.ulpgc.es\/fr\/wp-json\/wp\/v2\/comments?post=1657"}],"version-history":[{"count":1,"href":"https:\/\/unwam.ulpgc.es\/fr\/wp-json\/wp\/v2\/pages\/1657\/revisions"}],"predecessor-version":[{"id":8140,"href":"https:\/\/unwam.ulpgc.es\/fr\/wp-json\/wp\/v2\/pages\/1657\/revisions\/8140"}],"wp:attachment":[{"href":"https:\/\/unwam.ulpgc.es\/fr\/wp-json\/wp\/v2\/media?parent=1657"}],"curies":[{"name":"wp","href":"https:\/\/api.w.org\/{rel}","templated":true}]}}