{"id":649,"date":"2013-04-18T21:53:31","date_gmt":"2013-04-18T21:53:31","guid":{"rendered":"http:\/\/para.llel.us\/themes\/vellum-wp\/?page_id=649"},"modified":"2019-02-20T12:08:15","modified_gmt":"2019-02-20T12:08:15","slug":"home-pages","status":"publish","type":"page","link":"https:\/\/unwam.ulpgc.es\/fr\/","title":{"rendered":"\u00c0 propos de nous"},"content":{"rendered":"<p><\/p>\n<p>[vc_row css_animation=\u00a0\u00bbnone\u00a0\u00bb bg_fill=\u00a0\u00bbcover\u00a0\u00bb css=\u00a0\u00bb.vc_custom_1511866713828{margin-bottom: -1px !important;padding-top: 0px !important;padding-right: 0px !important;padding-bottom: 0px !important;padding-left: 0px !important;background-color: #f7f7f7 !important;}\u00a0\u00bb][vc_column css_animation=\u00a0\u00bbnone\u00a0\u00bb el_id=\u00a0\u00bbaboutus\u00a0\u00bb css=\u00a0\u00bb.vc_custom_1511866797286{background-color: #f7f7f7 !important;}\u00a0\u00bb]<div class=\"headline-subtitle\"><h1 class=\"headline\">\u00c0 propos de nous<\/h1><h2 class=\"subtitle\">R\u00e9seau d\u2019universit\u00e9s du Nord-est de l\u2019Afrique et de la Macaron\u00e9sie (UNWAM)<\/h2><div class=\"separator-subtitle\"><\/div><\/div>[vc_row_inner][vc_column_inner width=\u00a0\u00bb1\/3&Prime;][vc_single_image image=\u00a0\u00bb7961&Prime; img_size=\u00a0\u00bblarge\u00a0\u00bb alignment=\u00a0\u00bbcenter\u00a0\u00bb][\/vc_column_inner][vc_column_inner width=\u00a0\u00bb2\/3&Prime;][vc_column_text el_class=\u00a0\u00bbmore-information\u00a0\u00bb]Le r\u00e9seau d\u2019universit\u00e9s d\u2019Afrique Nord-occidentale et de la Macaron\u00e9sie (UNWAM) est une initiative de l\u2019Universit\u00e9 de Las Palmas de Gran Canaria visant \u00e0 intensifier la coop\u00e9ration des enseignants et chercheurs de cette zone g\u00e9ographique.<\/p>\n<p>Les universit\u00e9s du Nord-est de l\u2019Afrique et de la Macaron\u00e9sie s\u2019unissent pour former un r\u00e9seau global de collaboration scientifique et acad\u00e9mique, afin de promouvoir la consolidation de cette r\u00e9gion comme environnement acad\u00e9mique actif et v\u00e9ritablement internationalis\u00e9.<\/p>\n<p>Le r\u00e9seau UNWAM progresse dans la consolidation d\u2019un instrument qui favorise l\u2019internationalisation d\u2019universit\u00e9s situ\u00e9es dans une zone g\u00e9ostrat\u00e9gique privil\u00e9gi\u00e9e et qui revendiquent leur r\u00f4le au sein de l\u2019histoire, de l\u2019\u00e9volution, du d\u00e9veloppement acad\u00e9mique et \u00e9conomique dans le pr\u00e9sent mais aussi dans le futur de deux continents\u00a0: l\u2019Afrique et l\u2019Europe.[\/vc_column_text][\/vc_column_inner][\/vc_row_inner][\/vc_column][\/vc_row][vc_row padding=\u00a0\u00bb0 0 20px\u00a0\u00bb css=\u00a0\u00bb.vc_custom_1510161663301{margin-top: 70px !important;padding-top: 0px !important;padding-right: 0px !important;padding-bottom: 20px !important;padding-left: 0px !important;}\u00a0\u00bb][vc_column width=\u00a0\u00bb1\/4&Prime;][vc_column_text css_animation=\u00a0\u00bbtop-to-bottom\u00a0\u00bb]<\/p>\n<h3>Membres<\/h3>\n<p>R\u00e9seau d\u2019universit\u00e9s d\u2019Afrique Nord-occidentale et de la Macaron\u00e9sie.[\/vc_column_text][vc_button title=\u00a0\u00bbPlus d\u2019infos\u00a0\u00bb size=\u00a0\u00bbbtn-small\u00a0\u00bb href=\u00a0\u00bbhttps:\/\/unwam.ulpgc.es\/membres\/\u00a0\u00bb][\/vc_column][vc_column width=\u00a0\u00bb3\/4&Prime;]<div class=\"rotator rotator-columns-4\" data-transition=\"slide\"  data-autoplay=\"true\" data-interval=\"4500\"><div class=\"single-item first\" data-index=\"1\"><div class=\"featured-image no-content\" data-image=\"https:\/\/unwam.ulpgc.es\/wp-content\/uploads\/2019\/11\/logo-logo.jpg\"><a href=\"https:\/\/unwam.ulpgc.es\/fr\/ecole-superieure-des-affairestogo\/\" class=\"styled-image \" title=\"Permalink to Ecole Sup\u00e9rieure des Affaires,Togo\" rel=\"bookmark\"><img loading=\"lazy\" decoding=\"async\" src=\"https:\/\/unwam.ulpgc.es\/wp-content\/uploads\/2019\/11\/logo-logo.jpg\" width=\"265\" height=\"265\" alt=\"logo-esa\"><\/a><\/div><\/div>\n<div class=\"single-item\" data-index=\"2\"><div class=\"featured-image no-content\" data-image=\"https:\/\/unwam.ulpgc.es\/wp-content\/uploads\/2019\/02\/logo-al-akhawayan.jpg\"><a href=\"https:\/\/unwam.ulpgc.es\/fr\/universite-al-akhawayn-difrane\/\" class=\"styled-image \" title=\"Permalink to Universit\u00e9 Al Akhawayn d\u2019Ifrane, Marruecos\" rel=\"bookmark\"><img loading=\"lazy\" decoding=\"async\" src=\"https:\/\/unwam.ulpgc.es\/wp-content\/uploads\/2019\/02\/logo-al-akhawayan.jpg\" width=\"265\" height=\"265\" alt=\"logo-al-akhawayan\"><\/a><\/div><\/div>\n<div class=\"single-item\" data-index=\"3\"><div class=\"featured-image no-content\" data-image=\"https:\/\/unwam.ulpgc.es\/wp-content\/uploads\/2019\/02\/logo-alioune-bambey.jpg\"><a href=\"https:\/\/unwam.ulpgc.es\/fr\/universite-alioune-diop-de-bambey\/\" class=\"styled-image \" title=\"Permalink to Universit\u00e9 Alioune Diop de Bambey, Senegal\" rel=\"bookmark\"><img loading=\"lazy\" decoding=\"async\" src=\"https:\/\/unwam.ulpgc.es\/wp-content\/uploads\/2019\/02\/logo-alioune-bambey.jpg\" width=\"265\" height=\"265\" alt=\"logo--alioune-bambey\"><\/a><\/div><\/div>\n<div class=\"single-item\" data-index=\"4\"><div class=\"featured-image no-content\" data-image=\"https:\/\/unwam.ulpgc.es\/wp-content\/uploads\/2019\/02\/logo-kinshasa.jpg\"><a href=\"https:\/\/unwam.ulpgc.es\/fr\/universite-de-kinshasa\/\" class=\"styled-image \" title=\"Permalink to Universit\u00e9 de Kinshasa, Rep\u00fablica Democr\u00e1tica del Congo\" rel=\"bookmark\"><img loading=\"lazy\" decoding=\"async\" src=\"https:\/\/unwam.ulpgc.es\/wp-content\/uploads\/2019\/02\/logo-kinshasa.jpg\" width=\"265\" height=\"265\" alt=\"logo-kinshasa\"><\/a><\/div><\/div>\n<div class=\"single-item first\" data-index=\"5\"><div class=\"featured-image no-content\" data-image=\"https:\/\/unwam.ulpgc.es\/wp-content\/uploads\/2019\/02\/logo-sidi-mohamed.jpg\"><a href=\"https:\/\/unwam.ulpgc.es\/fr\/universite-sidi-mohamed-ben-abdellah-de-fes\/\" class=\"styled-image \" title=\"Permalink to Universit\u00e9 Sidi Mohamed Ben Abdellah de F\u00e8s, Marruecos\" rel=\"bookmark\"><img loading=\"lazy\" decoding=\"async\" src=\"https:\/\/unwam.ulpgc.es\/wp-content\/uploads\/2019\/02\/logo-sidi-mohamed.jpg\" width=\"265\" height=\"265\" alt=\"logo-sidi-mohamed\"><\/a><\/div><\/div>\n<div class=\"single-item\" data-index=\"6\"><div class=\"featured-image no-content\" data-image=\"https:\/\/unwam.ulpgc.es\/wp-content\/uploads\/2019\/02\/logo-d-abomey-calevi.jpg\"><a href=\"https:\/\/unwam.ulpgc.es\/fr\/universite-dabomey-calavi\/\" class=\"styled-image \" title=\"Permalink to Universit\u00e9 d\u2019Abomey Calavi, Cotonou, Ben\u00edn\" rel=\"bookmark\"><img loading=\"lazy\" decoding=\"async\" src=\"https:\/\/unwam.ulpgc.es\/wp-content\/uploads\/2019\/02\/logo-d-abomey-calevi.jpg\" width=\"265\" height=\"265\" alt=\"logo-d-abomey-calevi\"><\/a><\/div><\/div>\n<div class=\"single-item\" data-index=\"7\"><div class=\"featured-image no-content\" data-image=\"https:\/\/unwam.ulpgc.es\/wp-content\/uploads\/2018\/10\/logo-gaston-berger.jpg\"><a href=\"https:\/\/unwam.ulpgc.es\/fr\/universidad-gaston-berger-de-saint-louis-senegal\/\" class=\"styled-image \" title=\"Permalink to Universidad Gaston Berger de Saint Louis, Senegal\" rel=\"bookmark\"><img loading=\"lazy\" decoding=\"async\" src=\"https:\/\/unwam.ulpgc.es\/wp-content\/uploads\/2018\/10\/logo-gaston-berger.jpg\" width=\"265\" height=\"265\" alt=\"logo-gaston-berger\"><\/a><\/div><\/div>\n<div class=\"single-item\" data-index=\"8\"><div class=\"featured-image no-content\" data-image=\"https:\/\/unwam.ulpgc.es\/wp-content\/uploads\/2018\/10\/logo-assane-seck.jpg\"><a href=\"https:\/\/unwam.ulpgc.es\/fr\/universidad-de-assane-seck-de-zinguinchor-senegal\/\" class=\"styled-image \" title=\"Permalink to Universidad de Assane Seck de Zinguinchor, Senegal\" rel=\"bookmark\"><img loading=\"lazy\" decoding=\"async\" src=\"https:\/\/unwam.ulpgc.es\/wp-content\/uploads\/2018\/10\/logo-assane-seck.jpg\" width=\"265\" height=\"265\" alt=\"logo-assane-seck\"><\/a><\/div><\/div>\n<div class=\"single-item first\" data-index=\"9\"><div class=\"featured-image no-content\" data-image=\"https:\/\/unwam.ulpgc.es\/wp-content\/uploads\/2018\/10\/logo-Nouakchott.jpg\"><a href=\"https:\/\/unwam.ulpgc.es\/fr\/universidad-de-nouakchott-al-aasriya-mauritania\/\" class=\"styled-image \" title=\"Permalink to Universidad de Nouakchott Al Aasriya, Mauritania\" rel=\"bookmark\"><img loading=\"lazy\" decoding=\"async\" src=\"https:\/\/unwam.ulpgc.es\/wp-content\/uploads\/2018\/10\/logo-Nouakchott.jpg\" width=\"265\" height=\"265\" alt=\"logo-Nouakchott\"><\/a><\/div><\/div>\n<div class=\"single-item\" data-index=\"10\"><div class=\"featured-image no-content\" data-image=\"https:\/\/unwam.ulpgc.es\/wp-content\/uploads\/2018\/10\/logo-hassan.jpg\"><a href=\"https:\/\/unwam.ulpgc.es\/fr\/universidad-hassan-i-de-settat-marruecos\/\" class=\"styled-image \" title=\"Permalink to Universidad Hassan I de Settat, Marruecos\" rel=\"bookmark\"><img loading=\"lazy\" decoding=\"async\" src=\"https:\/\/unwam.ulpgc.es\/wp-content\/uploads\/2018\/10\/logo-hassan.jpg\" width=\"265\" height=\"265\" alt=\"logo-hassan\"><\/a><\/div><\/div>\n<div class=\"single-item\" data-index=\"11\"><div class=\"featured-image no-content\" data-image=\"https:\/\/unwam.ulpgc.es\/wp-content\/uploads\/2018\/10\/logo-ibn-zohr.jpg\"><a href=\"https:\/\/unwam.ulpgc.es\/fr\/universidad-ibn-zohr-de-agadir-marruecos\/\" class=\"styled-image \" title=\"Permalink to Universidad Ibn Zohr de Agadir, Marruecos\" rel=\"bookmark\"><img loading=\"lazy\" decoding=\"async\" src=\"https:\/\/unwam.ulpgc.es\/wp-content\/uploads\/2018\/10\/logo-ibn-zohr.jpg\" width=\"265\" height=\"265\" alt=\"logo-ibn-zohr\"><\/a><\/div><\/div>\n<div class=\"single-item\" data-index=\"12\"><div class=\"featured-image no-content\" data-image=\"https:\/\/unwam.ulpgc.es\/wp-content\/uploads\/2018\/10\/logo-bamako.jpg\"><a href=\"https:\/\/unwam.ulpgc.es\/fr\/universidad-de-ciencias-tecnicas-y-tecnologias-de-bamako-mali\/\" class=\"styled-image \" title=\"Permalink to Universidad de Ciencias, T\u00e9cnicas y Tecnolog\u00edas de Bamako, Mali\" rel=\"bookmark\"><img loading=\"lazy\" decoding=\"async\" src=\"https:\/\/unwam.ulpgc.es\/wp-content\/uploads\/2018\/10\/logo-bamako.jpg\" width=\"265\" height=\"265\" alt=\"logo-bamako\"><\/a><\/div><\/div>\n<div class=\"single-item first\" data-index=\"13\"><div class=\"featured-image no-content\" data-image=\"https:\/\/unwam.ulpgc.es\/wp-content\/uploads\/2018\/10\/logo-nacional-guinea-ecuatorial.jpg\"><a href=\"https:\/\/unwam.ulpgc.es\/fr\/universidad-nacional-de-guinea-ecuatorial\/\" class=\"styled-image \" title=\"Permalink to Universidad Nacional de Guinea Ecuatorial\" rel=\"bookmark\"><img loading=\"lazy\" decoding=\"async\" src=\"https:\/\/unwam.ulpgc.es\/wp-content\/uploads\/2018\/10\/logo-nacional-guinea-ecuatorial.jpg\" width=\"265\" height=\"265\" alt=\"logo-nacional-guinea-ecuatorial\"><\/a><\/div><\/div>\n<div class=\"single-item\" data-index=\"14\"><div class=\"featured-image no-content\" data-image=\"https:\/\/unwam.ulpgc.es\/wp-content\/uploads\/2018\/10\/logo-cabo-verde.jpg\"><a href=\"https:\/\/unwam.ulpgc.es\/fr\/universidad-de-cabo-verde\/\" class=\"styled-image \" title=\"Permalink to Universidad de Cabo Verde\" rel=\"bookmark\"><img loading=\"lazy\" decoding=\"async\" src=\"https:\/\/unwam.ulpgc.es\/wp-content\/uploads\/2018\/10\/logo-cabo-verde.jpg\" width=\"265\" height=\"265\" alt=\"logo-cabo-verde\"><\/a><\/div><\/div>\n<div class=\"single-item\" data-index=\"15\"><div class=\"featured-image no-content\" data-image=\"https:\/\/unwam.ulpgc.es\/wp-content\/uploads\/2018\/10\/logo-jean-plaget.jpg\"><a href=\"https:\/\/unwam.ulpgc.es\/fr\/universidad-jean-piaget-de-cabo-verde\/\" class=\"styled-image \" title=\"Permalink to Universidad Jean Piaget de Cabo Verde\" rel=\"bookmark\"><img loading=\"lazy\" decoding=\"async\" src=\"https:\/\/unwam.ulpgc.es\/wp-content\/uploads\/2018\/10\/logo-jean-plaget.jpg\" width=\"265\" height=\"265\" alt=\"logo-jean-plaget\"><\/a><\/div><\/div>\n<div class=\"single-item\" data-index=\"16\"><div class=\"featured-image no-content\" data-image=\"https:\/\/unwam.ulpgc.es\/wp-content\/uploads\/2018\/10\/logo-de-azores.jpg\"><a href=\"https:\/\/unwam.ulpgc.es\/fr\/universidad-de-azores\/\" class=\"styled-image \" title=\"Permalink to Universidad de Azores\" rel=\"bookmark\"><img loading=\"lazy\" decoding=\"async\" src=\"https:\/\/unwam.ulpgc.es\/wp-content\/uploads\/2018\/10\/logo-de-azores.jpg\" width=\"265\" height=\"265\" alt=\"logo-de-azores\"><\/a><\/div><\/div>\n<div class=\"single-item first\" data-index=\"17\"><div class=\"featured-image no-content\" data-image=\"https:\/\/unwam.ulpgc.es\/wp-content\/uploads\/2018\/10\/lodo-de-madeira.jpg\"><a href=\"https:\/\/unwam.ulpgc.es\/fr\/universidad-de-madeira\/\" class=\"styled-image \" title=\"Permalink to Universidad de Madeira\" rel=\"bookmark\"><img loading=\"lazy\" decoding=\"async\" src=\"https:\/\/unwam.ulpgc.es\/wp-content\/uploads\/2018\/10\/lodo-de-madeira.jpg\" width=\"265\" height=\"265\" alt=\"lodo-de-madeira\"><\/a><\/div><\/div>\n<div class=\"single-item\" data-index=\"18\"><div class=\"featured-image no-content\" data-image=\"https:\/\/unwam.ulpgc.es\/wp-content\/uploads\/2017\/11\/logo-ulpgc-miembros.jpg\"><a href=\"https:\/\/unwam.ulpgc.es\/fr\/ulpgc\/\" class=\"styled-image \" title=\"Permalink to Universidad de Las Palmas de Gran Canaria\" rel=\"bookmark\"><img loading=\"lazy\" decoding=\"async\" src=\"https:\/\/unwam.ulpgc.es\/wp-content\/uploads\/2017\/11\/logo-ulpgc-miembros.jpg\" width=\"265\" height=\"265\" alt=\"logo-ulpgc-miembros\"><\/a><\/div><\/div><\/div>[\/vc_column][\/vc_row]<\/p>\n<p><\/p>","protected":false},"excerpt":{"rendered":"<p>[vc_row css_animation=\u00a0\u00bbnone\u00a0\u00bb bg_fill=\u00a0\u00bbcover\u00a0\u00bb css=\u00a0\u00bb.vc_custom_1511866713828{margin-bottom: -1px !important;padding-top: 0px !important;padding-right: 0px !important;padding-bottom: 0px !important;padding-left: 0px !important;background-color: #f7f7f7 !important;}\u00a0\u00bb][vc_column css_animation=\u00a0\u00bbnone\u00a0\u00bb el_id=\u00a0\u00bbaboutus\u00a0\u00bb css=\u00a0\u00bb.vc_custom_1511866797286{background-color: #f7f7f7 !important;}\u00a0\u00bb][vc_row_inner][vc_column_inner width=\u00a0\u00bb1\/3&Prime;][vc_single_image image=\u00a0\u00bb7961&Prime; img_size=\u00a0\u00bblarge\u00a0\u00bb alignment=\u00a0\u00bbcenter\u00a0\u00bb][\/vc_column_inner][vc_column_inner width=\u00a0\u00bb2\/3&Prime;][vc_column_text el_class=\u00a0\u00bbmore-information\u00a0\u00bb]Le r\u00e9seau d\u2019universit\u00e9s d\u2019Afrique Nord-occidentale et de la Macaron\u00e9sie (UNWAM) est une initiative de l\u2019Universit\u00e9 de Las Palmas de Gran Canaria visant \u00e0 intensifier la coop\u00e9ration des enseignants et chercheurs de cette zone g\u00e9ographique. Les universit\u00e9s du Nord-est de l\u2019Afrique et de la Macaron\u00e9sie s\u2019unissent pour former un r\u00e9seau global de collaboration scientifique et acad\u00e9mique, afin de promouvoir la consolidation de cette r\u00e9gion comme environnement acad\u00e9mique actif et v\u00e9ritablement internationalis\u00e9. Le r\u00e9seau UNWAM progresse dans la consolidation d\u2019un instrument qui favorise l\u2019internationalisation d\u2019universit\u00e9s situ\u00e9es dans une zone g\u00e9ostrat\u00e9gique privil\u00e9gi\u00e9e et qui revendiquent leur r\u00f4le au sein de l\u2019histoire, de l\u2019\u00e9volution, du d\u00e9veloppement acad\u00e9mique et \u00e9conomique dans le pr\u00e9sent mais aussi dans le futur de deux continents\u00a0: l\u2019Afrique et l\u2019Europe.[\/vc_column_text][\/vc_column_inner][\/vc_row_inner][\/vc_column][\/vc_row][vc_row padding=\u00a0\u00bb0 0 20px\u00a0\u00bb css=\u00a0\u00bb.vc_custom_1510161663301{margin-top: 70px !important;padding-top: 0px !important;padding-right: 0px !important;padding-bottom: 20px !important;padding-left: 0px !important;}\u00a0\u00bb][vc_column width=\u00a0\u00bb1\/4&Prime;][vc_column_text css_animation=\u00a0\u00bbtop-to-bottom\u00a0\u00bb] Membres R\u00e9seau d\u2019universit\u00e9s d\u2019Afrique Nord-occidentale et de la Macaron\u00e9sie.[\/vc_column_text][vc_button title=\u00a0\u00bbPlus d\u2019infos\u00a0\u00bb size=\u00a0\u00bbbtn-small\u00a0\u00bb href=\u00a0\u00bbhttps:\/\/unwam.ulpgc.es\/membres\/\u00a0\u00bb][\/vc_column][vc_column width=\u00a0\u00bb3\/4&Prime;][\/vc_column][\/vc_row]<\/p>\n","protected":false},"author":1,"featured_media":0,"parent":0,"menu_order":12,"comment_status":"closed","ping_status":"closed","template":"","meta":{"footnotes":""},"class_list":["post-649","page","type-page","status-publish","hentry"],"_links":{"self":[{"href":"https:\/\/unwam.ulpgc.es\/fr\/wp-json\/wp\/v2\/pages\/649","targetHints":{"allow":["GET"]}}],"collection":[{"href":"https:\/\/unwam.ulpgc.es\/fr\/wp-json\/wp\/v2\/pages"}],"about":[{"href":"https:\/\/unwam.ulpgc.es\/fr\/wp-json\/wp\/v2\/types\/page"}],"author":[{"embeddable":true,"href":"https:\/\/unwam.ulpgc.es\/fr\/wp-json\/wp\/v2\/users\/1"}],"replies":[{"embeddable":true,"href":"https:\/\/unwam.ulpgc.es\/fr\/wp-json\/wp\/v2\/comments?post=649"}],"version-history":[{"count":5,"href":"https:\/\/unwam.ulpgc.es\/fr\/wp-json\/wp\/v2\/pages\/649\/revisions"}],"predecessor-version":[{"id":8166,"href":"https:\/\/unwam.ulpgc.es\/fr\/wp-json\/wp\/v2\/pages\/649\/revisions\/8166"}],"wp:attachment":[{"href":"https:\/\/unwam.ulpgc.es\/fr\/wp-json\/wp\/v2\/media?parent=649"}],"curies":[{"name":"wp","href":"https:\/\/api.w.org\/{rel}","templated":true}]}}