{"id":7448,"date":"2018-10-01T10:57:55","date_gmt":"2018-10-01T09:57:55","guid":{"rendered":"http:\/\/unwam.ulpgc.es\/?page_id=7448"},"modified":"2019-02-19T19:23:25","modified_gmt":"2019-02-19T19:23:25","slug":"politica-de-privacidad","status":"publish","type":"page","link":"https:\/\/unwam.ulpgc.es\/fr\/politica-de-privacidad\/","title":{"rendered":"Politique de confidentialit\u00e9"},"content":{"rendered":"<p>En cumplimiento del art\u00edculo 5 de la Ley Org\u00e1nica 15\/1999, de Protecci\u00f3n de Datos de Car\u00e1cter Personal, le informamos que el portal Red UNWAM, en adelante Red UNWAM, recaba a trav\u00e9s de los diversos formularios del portal datos personales e informaci\u00f3n de los Usuarios, con el fin de almacenarla y\/o utilizarla en el desarrollo de la relaci\u00f3n con dicho Usuario. Los datos facilitados por los Usuarios se incorporar\u00e1n a los ficheros de los que es titular la Universidad de Las Palmas de Gran Canaria.<\/p>\n<p>Al facilitarnos sus datos a trav\u00e9s de cualquiera de los medios de contacto que ponemos a su disposici\u00f3n, usted consciente de forma expresa e inequ\u00edvoca el tratamiento de sus datos por parte de Red UNWAM; la finalidad de dicho tratamiento ser\u00e1:<\/p>\n<ul>\n<li>Gestionar y contestar sus consultas y solicitudes.<\/li>\n<li>Remitirle informaci\u00f3n sobre nuestros servicios, eventos, actividades y publicaciones. Estas comunicaciones se realizar\u00e1n por distintos medios de contacto, incluidos los electr\u00f3nicos (correo, sms, mms, apps, etc.).<\/li>\n<li>Gestionar su inscripci\u00f3n y participaci\u00f3n en nuestros concursos, cursos y dem\u00e1s eventos y actividades.<\/li>\n<li>Gestionar sus solicitudes para obtener nuestro sello de calidad.<\/li>\n<\/ul>\n<p>En los cuadros de contacto, as\u00ed como en los formularios de inscripci\u00f3n y\/o solicitud de gesti\u00f3n, debe cumplimentar todos los datos marcados como obligatorios, de lo contrario no podremos cursar su solicitud o atender su consulta. Por favor evite incluir datos especialmente protegidos en los campos de texto libre.<\/p>\n<p>Red UNWAM se compromete a tratar los datos de car\u00e1cter personal de los Usuarios de conformidad con lo establecido en la normativa aplicable y, en particular:<\/p>\n<p>A tratar confidencialmente los datos de car\u00e1cter personal del Usuario a los que tenga acceso como consecuencia de su navegaci\u00f3n en el portal. No obstante, el Red UNWAM podr\u00e1 revelar los datos de car\u00e1cter personal y cualquier otra informaci\u00f3n del Usuario cuando le sea requerida por autoridades p\u00fablicas en el ejercicio de las funciones que tienen leg\u00edtimamente atribuidas y conforme a las disposiciones legales que resulten aplicables.<br \/>\nA adoptar las medidas de seguridad de \u00edndole t\u00e9cnica y organizativas necesarias para evitar la alteraci\u00f3n, p\u00e9rdida y el tratamiento o acceso no autorizado a dichos datos.<\/p>\n<p>Sin perjuicio de ello, debido a las actuales condiciones de seguridad en Internet, el Red UNWAM no puede garantizar el uso il\u00edcito de la informaci\u00f3n de los Usuarios por parte de terceros. En consecuencia, Red UNWAM no garantiza ni asumen responsabilidad alguna por los da\u00f1os y perjuicios, de cualquier naturaleza, que pudieran derivarse de alteraci\u00f3n, p\u00e9rdida, el tratamiento, acceso no autorizado o el uso il\u00edcito de la Informaci\u00f3n de los Usuarios por parte de terceros.<\/p>\n<p>El Usuario se compromete a mantener los datos proporcionados al Responsable del Fichero debidamente actualizados.<br \/>\nEl Usuario ser\u00e1 responsable de los da\u00f1os y perjuicios que Red UNWAM y\/o terceros pudieran sufrir como consecuencia de la falta de veracidad, inexactitud, falta de vigencia y autenticidad de los datos facilitados.<\/p>\n<p>Los consentimientos que nos otorgue ahora, podr\u00e1n ser revocados en cualquier momento. De igual forma puede ejercer los derechos de acceso, rectificaci\u00f3n, cancelaci\u00f3n y oposici\u00f3n que le reconoce la normativa de protecci\u00f3n de datos, remitiendo su solicitud escrita a la direcci\u00f3n arriba mencionada, o al correo s&#118;&#x69;&#x63;&#x40;u&#108;&#x70;&#x67;&#x63;&#46;&#101;&#x73;<\/p>\n<p>Puede darse de baja de nuestro servicio de mailing informativo remitiendo un correo a s&#118;&#x69;&#x63;&#64;&#117;&#108;&#x70;&#x67;c&#46;&#101;&#x73; o siguiendo las indicaciones que aparecen en el pie de p\u00e1gina de nuestros boletines informativos.<\/p>\n<p>Con independencia de lo establecido en la presente pol\u00edtica de privacidad, en cada uno de los formularios relativos a actividades y eventos espec\u00edficos en los que se recaben datos de car\u00e1cter personal, el Usuario recibir\u00e1 la informaci\u00f3n detallada sobre todas las menciones requeridas por la legislaci\u00f3n aplicable en materia de protecci\u00f3n de datos de car\u00e1cter personal, las cu\u00e1les, en todo caso, deber\u00e1n ser aceptadas expresamente por el Usuario.<\/p>\n","protected":false},"excerpt":{"rendered":"<p>En cumplimiento del art\u00edculo 5 de la Ley Org\u00e1nica 15\/1999, de Protecci\u00f3n de Datos de Car\u00e1cter Personal, le informamos que el portal Red UNWAM, en adelante Red UNWAM, recaba a trav\u00e9s de los diversos formularios del portal datos personales e informaci\u00f3n de los Usuarios, con el fin de almacenarla y\/o utilizarla en el desarrollo de la relaci\u00f3n con dicho Usuario. Los datos facilitados por los Usuarios se incorporar\u00e1n a los ficheros de los que es titular la Universidad de Las Palmas de Gran Canaria. Al facilitarnos sus datos a trav\u00e9s de cualquiera de los medios de contacto que ponemos a su disposici\u00f3n, usted consciente de forma expresa e inequ\u00edvoca el tratamiento de sus datos por parte de Red UNWAM; la finalidad de dicho tratamiento ser\u00e1: Gestionar y contestar sus consultas y solicitudes. Remitirle informaci\u00f3n sobre nuestros servicios, eventos, actividades y publicaciones. Estas comunicaciones se realizar\u00e1n por distintos medios de contacto, incluidos los electr\u00f3nicos (correo, sms, mms, apps, etc.). Gestionar su inscripci\u00f3n y participaci\u00f3n en nuestros concursos, cursos y dem\u00e1s eventos y actividades. Gestionar sus solicitudes para obtener nuestro sello de calidad. En los cuadros de contacto, as\u00ed como en los formularios de inscripci\u00f3n y\/o solicitud de gesti\u00f3n, debe cumplimentar todos los datos marcados como obligatorios, de lo contrario no podremos cursar su solicitud o atender su consulta. Por favor evite incluir datos especialmente protegidos en los campos de texto libre. Red UNWAM se compromete a tratar los datos de car\u00e1cter personal de los Usuarios de conformidad con lo establecido en [&hellip;]<\/p>\n","protected":false},"author":1,"featured_media":0,"parent":0,"menu_order":2,"comment_status":"closed","ping_status":"closed","template":"","meta":{"footnotes":""},"class_list":["post-7448","page","type-page","status-publish","hentry"],"_links":{"self":[{"href":"https:\/\/unwam.ulpgc.es\/fr\/wp-json\/wp\/v2\/pages\/7448","targetHints":{"allow":["GET"]}}],"collection":[{"href":"https:\/\/unwam.ulpgc.es\/fr\/wp-json\/wp\/v2\/pages"}],"about":[{"href":"https:\/\/unwam.ulpgc.es\/fr\/wp-json\/wp\/v2\/types\/page"}],"author":[{"embeddable":true,"href":"https:\/\/unwam.ulpgc.es\/fr\/wp-json\/wp\/v2\/users\/1"}],"replies":[{"embeddable":true,"href":"https:\/\/unwam.ulpgc.es\/fr\/wp-json\/wp\/v2\/comments?post=7448"}],"version-history":[{"count":2,"href":"https:\/\/unwam.ulpgc.es\/fr\/wp-json\/wp\/v2\/pages\/7448\/revisions"}],"predecessor-version":[{"id":8146,"href":"https:\/\/unwam.ulpgc.es\/fr\/wp-json\/wp\/v2\/pages\/7448\/revisions\/8146"}],"wp:attachment":[{"href":"https:\/\/unwam.ulpgc.es\/fr\/wp-json\/wp\/v2\/media?parent=7448"}],"curies":[{"name":"wp","href":"https:\/\/api.w.org\/{rel}","templated":true}]}}